{"id":2,"date":"2023-01-29T17:33:41","date_gmt":"2023-01-29T16:33:41","guid":{"rendered":"http:\/\/boussandel-psychologue.fr\/?page_id=2"},"modified":"2024-08-03T09:29:19","modified_gmt":"2024-08-03T07:29:19","slug":"page-d-exemple","status":"publish","type":"page","link":"https:\/\/boussandel-psychologue.fr\/","title":{"rendered":"Damien Boussandel Psychologue clinicien"},"content":{"rendered":"\n<div class=\"wp-block-group\"><div class=\"wp-block-group__inner-container is-layout-constrained wp-block-group-is-layout-constrained\">\n<div class=\"wp-block-columns is-layout-flex wp-container-core-columns-is-layout-9d6595d7 wp-block-columns-is-layout-flex\">\n<div class=\"wp-block-column is-layout-flow wp-block-column-is-layout-flow\" style=\"flex-basis:20%\"><div class=\"wp-block-image is-style-rounded\">\n<figure class=\"aligncenter size-full is-resized\"><img loading=\"lazy\" decoding=\"async\" width=\"289\" height=\"420\" src=\"https:\/\/boussandel-psychologue.fr\/wp-content\/uploads\/2023\/02\/cropped-Profil.png\" alt=\"Damien Boussandel Psychologue\" class=\"wp-image-34\" style=\"width:153px;height:222px\" srcset=\"https:\/\/boussandel-psychologue.fr\/wp-content\/uploads\/2023\/02\/cropped-Profil.png 289w, https:\/\/boussandel-psychologue.fr\/wp-content\/uploads\/2023\/02\/cropped-Profil-206x300.png 206w\" sizes=\"auto, (max-width: 289px) 100vw, 289px\" \/><\/figure>\n<\/div><\/div>\n\n\n\n<div class=\"wp-block-column is-vertically-aligned-center is-layout-flow wp-block-column-is-layout-flow\" style=\"flex-basis:80%\">\n<p><strong>Psychologue clinicien<\/strong>, je vous accueille dans mon <strong>cabinet lib\u00e9ral \u00e0 Versailles<\/strong> (quartier Notre Dame) et vous propose \u00e9galement des <strong>t\u00e9l\u00e9consultations<\/strong>. Je re\u00e7ois des <strong>enfants<\/strong>, des <strong>adolescents <\/strong>et des <strong>adultes <\/strong>dont des <strong>couples <\/strong>ainsi que des <strong>familles<\/strong>. Ces derniers sont confront\u00e9s \u00e0 des difficult\u00e9s <strong>contextuelles <\/strong>et\/ou <strong>chroniques<\/strong>, sources <strong>d&rsquo;incompr\u00e9hension<\/strong>, <strong>d&rsquo;interrogation<\/strong>, de <strong>souffrance <\/strong>et de <strong>mal-\u00eatre<\/strong>.<\/p>\n<\/div>\n<\/div>\n\n\n\n<p>Soumis au <strong>secret professionnel<\/strong>, je vous re\u00e7ois en toute <strong>neutralit\u00e9<\/strong> dans un <strong>cadre confidentiel, chaleureux<\/strong> et vous propose une <strong>\u00e9coute active et bienveillante<\/strong>. Aussi, j&rsquo;ai \u00e0 c\u0153ur de favoriser l&rsquo;instauration d&rsquo;une <strong>alliance th\u00e9rapeutique <\/strong>au sein d\u2019une <strong>relation humaine<\/strong> dans laquelle vous vous sentez en <strong>s\u00e9curit\u00e9<\/strong> et en <strong>confiance<\/strong>. Ces conditions me semblent essentielles afin de favoriser une <strong>expression libre <\/strong>puis une <strong>compr\u00e9hension fine<\/strong>,<strong> globale<\/strong> de votre situation (interaction de facteurs psychologiques,&nbsp;sociaux,&nbsp;affectifs,&nbsp;comportementaux). Aussi, l\u2019objectif \u00e9tant de pouvoir vous proposer cons\u00e9cutivement, un <strong>accompagnement th\u00e9rapeutique<\/strong>, concert\u00e9 et ajust\u00e9 \u00e0 <strong>votre demande<\/strong>, \u00e0 <strong>votre rythme<\/strong> ainsi qu\u2019\u00e0 <strong>vos besoins et attentes<\/strong>.<\/p>\n<\/div><\/div>\n\n\n\n<div class=\"wp-block-group\"><div class=\"wp-block-group__inner-container is-layout-constrained wp-block-group-is-layout-constrained\">\n<div class=\"wp-block-columns is-layout-flex wp-container-core-columns-is-layout-9d6595d7 wp-block-columns-is-layout-flex\">\n<div class=\"wp-block-column is-layout-flow wp-block-column-is-layout-flow\" style=\"flex-basis:30%\"><\/div>\n\n\n\n<div class=\"wp-block-column is-vertically-aligned-center is-layout-flow wp-block-column-is-layout-flow\" style=\"flex-basis:40%\"><div class=\"wp-block-image\">\n<figure class=\"aligncenter size-full is-resized\"><img loading=\"lazy\" decoding=\"async\" width=\"623\" height=\"439\" src=\"https:\/\/boussandel-psychologue.fr\/wp-content\/uploads\/2023\/03\/Visuel-Homepage-4.png\" alt=\"\" class=\"wp-image-183\" style=\"width:323px;height:227px\" srcset=\"https:\/\/boussandel-psychologue.fr\/wp-content\/uploads\/2023\/03\/Visuel-Homepage-4.png 623w, https:\/\/boussandel-psychologue.fr\/wp-content\/uploads\/2023\/03\/Visuel-Homepage-4-300x211.png 300w\" sizes=\"auto, (max-width: 623px) 100vw, 623px\" \/><\/figure>\n<\/div><\/div>\n\n\n\n<div class=\"wp-block-column is-layout-flow wp-block-column-is-layout-flow\" style=\"flex-basis:30%\"><\/div>\n<\/div>\n<\/div><\/div>\n","protected":false},"excerpt":{"rendered":"<p>Psychologue clinicien, je vous accueille dans mon cabinet lib\u00e9ral \u00e0 Versailles (quartier Notre Dame) et vous propose \u00e9galement des t\u00e9l\u00e9consultations. Je re\u00e7ois des enfants, des adolescents et des adultes dont des couples ainsi que des familles. Ces derniers sont confront\u00e9s \u00e0 des difficult\u00e9s contextuelles et\/ou chroniques, sources d&rsquo;incompr\u00e9hension, d&rsquo;interrogation, de souffrance et de mal-\u00eatre. Soumis &hellip; <\/p>\n<p class=\"link-more\"><a href=\"https:\/\/boussandel-psychologue.fr\/\" class=\"more-link\">Lire la suite de<span class=\"screen-reader-text\">\u00ab\u00a0Damien Boussandel Psychologue clinicien\u00a0\u00bb<\/span><\/a><\/p>\n","protected":false},"author":1,"featured_media":0,"parent":0,"menu_order":0,"comment_status":"closed","ping_status":"open","template":"","meta":{"footnotes":""},"class_list":["post-2","page","type-page","status-publish","hentry"],"_links":{"self":[{"href":"https:\/\/boussandel-psychologue.fr\/index.php?rest_route=\/wp\/v2\/pages\/2","targetHints":{"allow":["GET"]}}],"collection":[{"href":"https:\/\/boussandel-psychologue.fr\/index.php?rest_route=\/wp\/v2\/pages"}],"about":[{"href":"https:\/\/boussandel-psychologue.fr\/index.php?rest_route=\/wp\/v2\/types\/page"}],"author":[{"embeddable":true,"href":"https:\/\/boussandel-psychologue.fr\/index.php?rest_route=\/wp\/v2\/users\/1"}],"replies":[{"embeddable":true,"href":"https:\/\/boussandel-psychologue.fr\/index.php?rest_route=%2Fwp%2Fv2%2Fcomments&post=2"}],"version-history":[{"count":18,"href":"https:\/\/boussandel-psychologue.fr\/index.php?rest_route=\/wp\/v2\/pages\/2\/revisions"}],"predecessor-version":[{"id":232,"href":"https:\/\/boussandel-psychologue.fr\/index.php?rest_route=\/wp\/v2\/pages\/2\/revisions\/232"}],"wp:attachment":[{"href":"https:\/\/boussandel-psychologue.fr\/index.php?rest_route=%2Fwp%2Fv2%2Fmedia&parent=2"}],"curies":[{"name":"wp","href":"https:\/\/api.w.org\/{rel}","templated":true}]}}